{"id":2942,"date":"2024-07-24T12:51:33","date_gmt":"2024-07-24T12:51:33","guid":{"rendered":"https:\/\/agrotecnica-international.it\/progetti\/"},"modified":"2025-01-03T07:43:00","modified_gmt":"2025-01-03T07:43:00","slug":"projekte","status":"publish","type":"page","link":"https:\/\/agrotecnica-international.it\/de\/projekte\/","title":{"rendered":"Projekte"},"content":{"rendered":"[vc_row type=&#8220;full_width_background&#8220; full_screen_row_position=&#8220;middle&#8220; column_margin=&#8220;none&#8220; column_direction=&#8220;default&#8220; column_direction_tablet=&#8220;default&#8220; column_direction_phone=&#8220;default&#8220; bg_color=&#8220;#5bb889&#8243; bg_image=&#8220;2448&#8243; bg_position=&#8220;center center&#8220; background_image_loading=&#8220;skip-lazy-load&#8220; bg_repeat=&#8220;no-repeat&#8220; scene_position=&#8220;center&#8220; top_padding=&#8220;35%&#8220; bottom_padding=&#8220;15%&#8220; top_padding_tablet=&#8220;30%&#8220; constrain_group_3=&#8220;yes&#8220; bottom_padding_tablet=&#8220;30%&#8220; top_padding_phone=&#8220;40%&#8220; constrain_group_5=&#8220;yes&#8220; bottom_padding_phone=&#8220;40%&#8220; text_color=&#8220;light&#8220; text_align=&#8220;left&#8220; row_border_radius=&#8220;none&#8220; row_border_radius_applies=&#8220;bg&#8220; overflow=&#8220;visible&#8220; color_overlay=&#8220;#1d1d35&#8243; overlay_strength=&#8220;0.3&#8243; gradient_direction=&#8220;radial&#8220; enable_shape_divider=&#8220;true&#8220; shape_divider_color=&#8220;#ffffff&#8220; shape_divider_position=&#8220;bottom&#8220; shape_divider_height=&#8220;10%&#8220; bg_image_animation=&#8220;zoom-out&#8220; parallax_bg=&#8220;true&#8220; parallax_bg_speed=&#8220;fast&#8220; shape_type=&#8220;tilt_alt&#8220; gradient_type=&#8220;default&#8220;][vc_column column_padding=&#8220;no-extra-padding&#8220; column_padding_tablet=&#8220;inherit&#8220; column_padding_phone=&#8220;inherit&#8220; column_padding_position=&#8220;all&#8220; column_element_direction_desktop=&#8220;default&#8220; column_element_spacing=&#8220;0px&#8220; desktop_text_alignment=&#8220;default&#8220; tablet_text_alignment=&#8220;default&#8220; phone_text_alignment=&#8220;center&#8220; background_color_opacity=&#8220;1&#8243; background_hover_color_opacity=&#8220;1&#8243; column_backdrop_filter=&#8220;none&#8220; column_shadow=&#8220;none&#8220; column_border_radius=&#8220;none&#8220; column_link_target=&#8220;_self&#8220; column_position=&#8220;default&#8220; gradient_direction=&#8220;radial&#8220; overlay_strength=&#8220;0.3&#8243; width=&#8220;1\/1&#8243; tablet_width_inherit=&#8220;default&#8220; animation_type=&#8220;default&#8220; bg_image_animation=&#8220;zoom-out-reveal&#8220; parallax_bg=&#8220;true&#8220; parallax_bg_speed=&#8220;fast&#8220; border_type=&#8220;simple&#8220; column_border_width=&#8220;none&#8220; column_border_style=&#8220;solid&#8220;][vc_row_inner column_margin=&#8220;default&#8220; column_direction=&#8220;default&#8220; column_direction_tablet=&#8220;default&#8220; column_direction_phone=&#8220;default&#8220; text_align=&#8220;left&#8220; row_position=&#8220;default&#8220; row_position_tablet=&#8220;inherit&#8220; row_position_phone=&#8220;inherit&#8220; overflow=&#8220;visible&#8220; pointer_events=&#8220;all&#8220;][vc_column_inner column_padding=&#8220;no-extra-padding&#8220; column_padding_tablet=&#8220;inherit&#8220; column_padding_phone=&#8220;inherit&#8220; column_padding_position=&#8220;all&#8220; column_element_direction_desktop=&#8220;default&#8220; column_element_spacing=&#8220;default&#8220; desktop_text_alignment=&#8220;default&#8220; tablet_text_alignment=&#8220;default&#8220; phone_text_alignment=&#8220;default&#8220; background_color_opacity=&#8220;1&#8243; background_hover_color_opacity=&#8220;1&#8243; column_backdrop_filter=&#8220;none&#8220; column_shadow=&#8220;none&#8220; column_border_radius=&#8220;none&#8220; column_link_target=&#8220;_self&#8220; overflow=&#8220;visible&#8220; gradient_direction=&#8220;left_to_right&#8220; overlay_strength=&#8220;0.3&#8243; width=&#8220;2\/3&#8243; tablet_width_inherit=&#8220;default&#8220; animation_type=&#8220;default&#8220; bg_image_animation=&#8220;none&#8220; border_type=&#8220;simple&#8220; column_border_width=&#8220;none&#8220; column_border_style=&#8220;solid&#8220;][split_line_heading animation_type=&#8220;line-reveal-by-space&#8220; font_style=&#8220;h1&#8243; line_reveal_by_space_text_effect=&#8220;default&#8220; content_alignment=&#8220;default&#8220; mobile_content_alignment=&#8220;inherit&#8220; link_target=&#8220;_self&#8220; text_content=&#8220;Projekte&#8220; text_direction=&#8220;default&#8220;][\/split_line_heading][vc_column_text css=&#8220;&#8220; text_direction=&#8220;default&#8220;]\n<div class=\"nectar-split-heading animated-in markup-generated\" data-align=\"default\" data-m-align=\"inherit\" data-text-effect=\"none\" data-animation-type=\"line-reveal-by-space\" data-animation-delay=\"0\" data-animation-offset=\"\" data-m-rm-animation=\"\" data-stagger=\"\" data-custom-font-size=\"false\" data-stored-text-effect=\"default\">\n<p>Jedes Projekt wird mit gr\u00f6\u00dfter Sorgfalt f\u00fcr Details entwickelt, um Langlebigkeit, Sicherheit und Benutzerfreundlichkeit zu gew\u00e4hrleisten. Beim Erkunden der Projekte k\u00f6nnen Sie sehen, wie die L\u00f6sungen von Agrotecnica International die Ressourcennutzung optimieren, die Betriebseffizienz steigern und den Erfolg der Aktivit\u00e4ten unterst\u00fctzen, unabh\u00e4ngig von der Branche.<\/p>\n<\/div>\n[\/vc_column_text][\/vc_column_inner][vc_column_inner column_padding=&#8220;no-extra-padding&#8220; column_padding_tablet=&#8220;inherit&#8220; column_padding_phone=&#8220;inherit&#8220; column_padding_position=&#8220;all&#8220; column_element_direction_desktop=&#8220;default&#8220; column_element_spacing=&#8220;default&#8220; desktop_text_alignment=&#8220;default&#8220; tablet_text_alignment=&#8220;default&#8220; phone_text_alignment=&#8220;default&#8220; background_color_opacity=&#8220;1&#8243; background_hover_color_opacity=&#8220;1&#8243; column_backdrop_filter=&#8220;none&#8220; column_shadow=&#8220;none&#8220; column_border_radius=&#8220;none&#8220; column_link_target=&#8220;_self&#8220; overflow=&#8220;visible&#8220; gradient_direction=&#8220;left_to_right&#8220; overlay_strength=&#8220;0.3&#8243; width=&#8220;1\/3&#8243; tablet_width_inherit=&#8220;default&#8220; animation_type=&#8220;default&#8220; bg_image_animation=&#8220;none&#8220; border_type=&#8220;simple&#8220; column_border_width=&#8220;none&#8220; column_border_style=&#8220;solid&#8220;][\/vc_column_inner][\/vc_row_inner][\/vc_column][\/vc_row][vc_row type=&#8220;in_container&#8220; full_screen_row_position=&#8220;middle&#8220; column_margin=&#8220;default&#8220; column_direction=&#8220;default&#8220; column_direction_tablet=&#8220;default&#8220; column_direction_phone=&#8220;default&#8220; scene_position=&#8220;center&#8220; text_color=&#8220;dark&#8220; text_align=&#8220;left&#8220; row_border_radius=&#8220;none&#8220; row_border_radius_applies=&#8220;bg&#8220; overflow=&#8220;visible&#8220; overlay_strength=&#8220;0.3&#8243; gradient_direction=&#8220;left_to_right&#8220; shape_divider_position=&#8220;bottom&#8220; bg_image_animation=&#8220;none&#8220;][vc_column column_padding=&#8220;no-extra-padding&#8220; column_padding_tablet=&#8220;inherit&#8220; column_padding_phone=&#8220;inherit&#8220; column_padding_position=&#8220;all&#8220; column_element_direction_desktop=&#8220;default&#8220; column_element_spacing=&#8220;default&#8220; desktop_text_alignment=&#8220;default&#8220; tablet_text_alignment=&#8220;default&#8220; phone_text_alignment=&#8220;default&#8220; background_color_opacity=&#8220;1&#8243; background_hover_color_opacity=&#8220;1&#8243; column_backdrop_filter=&#8220;none&#8220; column_shadow=&#8220;none&#8220; column_border_radius=&#8220;none&#8220; column_link_target=&#8220;_self&#8220; column_position=&#8220;default&#8220; gradient_direction=&#8220;left_to_right&#8220; overlay_strength=&#8220;0.3&#8243; width=&#8220;1\/1&#8243; tablet_width_inherit=&#8220;default&#8220; animation_type=&#8220;default&#8220; bg_image_animation=&#8220;none&#8220; border_type=&#8220;simple&#8220; column_border_width=&#8220;none&#8220; column_border_style=&#8220;solid&#8220;][nectar_post_grid post_type=&#8220;portfolio&#8220; portfolio_category=&#8220;all&#8220; portfolio_starting_category=&#8220;all&#8220; order=&#8220;DESC&#8220; orderby=&#8220;date&#8220; pagination=&#8220;none&#8220; columns=&#8220;4&#8243; columns_tablet=&#8220;default&#8220; columns_phone=&#8220;default&#8220; grid_item_spacing=&#8220;15px&#8220; grid_item_height=&#8220;75vh&#8220; enable_sortable=&#8220;yes&#8220; sortable_alignment=&#8220;right&#8220; sortable_color=&#8220;default&#8220; 4_col_masonry_layout=&#8220;default&#8220; image_size=&#8220;large&#8220; image_loading=&#8220;default&#8220; animation=&#8220;fade-in-from-bottom&#8220; animation_stagger=&#8220;90&#8243; animation_easing=&#8220;default&#8220; parallax_scrolling=&#8220;yes&#8220; heading_tag=&#8220;h4&#8243; category_position=&#8220;default&#8220; additional_meta_size=&#8220;default&#8220; custom_fields_location=&#8220;before_post_meta&#8220; grid_style=&#8220;content_overlaid&#8220; text_content_layout=&#8220;all_bottom_left&#8220; color_overlay=&#8220;#1d1d35&#8243; color_overlay_opacity=&#8220;0.3&#8243; color_overlay_hover_opacity=&#8220;0.4&#8243; text_color=&#8220;light&#8220; text_color_hover=&#8220;light&#8220; text_opacity=&#8220;1&#8243; text_hover_opacity=&#8220;1&#8243; hover_effect=&#8220;zoom&#8220; border_radius=&#8220;none&#8220; posts_per_page=&#8220;96&#8243; display_type=&#8220;grid&#8220;][\/vc_column][\/vc_row]\n","protected":false},"excerpt":{"rendered":"<p>[vc_row type=&#8220;full_width_background&#8220; full_screen_row_position=&#8220;middle&#8220; column_margin=&#8220;none&#8220; column_direction=&#8220;default&#8220; column_direction_tablet=&#8220;default&#8220; column_direction_phone=&#8220;default&#8220; bg_color=&#8220;#5bb889&#8243; bg_image=&#8220;2448&#8243; bg_position=&#8220;center center&#8220; background_image_loading=&#8220;skip-lazy-load&#8220; bg_repeat=&#8220;no-repeat&#8220; scene_position=&#8220;center&#8220; top_padding=&#8220;35%&#8220; bottom_padding=&#8220;15%&#8220; top_padding_tablet=&#8220;30%&#8220; constrain_group_3=&#8220;yes&#8220; bottom_padding_tablet=&#8220;30%&#8220; top_padding_phone=&#8220;40%&#8220; constrain_group_5=&#8220;yes&#8220; bottom_padding_phone=&#8220;40%&#8220; text_color=&#8220;light&#8220; text_align=&#8220;left&#8220; row_border_radius=&#8220;none&#8220; row_border_radius_applies=&#8220;bg&#8220; overflow=&#8220;visible&#8220; color_overlay=&#8220;#1d1d35&#8243; overlay_strength=&#8220;0.3&#8243; gradient_direction=&#8220;radial&#8220;&#8230;<\/p>\n","protected":false},"author":1,"featured_media":0,"parent":0,"menu_order":0,"comment_status":"closed","ping_status":"closed","template":"","meta":{"footnotes":""},"class_list":["post-2942","page","type-page","status-publish"],"_links":{"self":[{"href":"https:\/\/agrotecnica-international.it\/de\/wp-json\/wp\/v2\/pages\/2942","targetHints":{"allow":["GET"]}}],"collection":[{"href":"https:\/\/agrotecnica-international.it\/de\/wp-json\/wp\/v2\/pages"}],"about":[{"href":"https:\/\/agrotecnica-international.it\/de\/wp-json\/wp\/v2\/types\/page"}],"author":[{"embeddable":true,"href":"https:\/\/agrotecnica-international.it\/de\/wp-json\/wp\/v2\/users\/1"}],"replies":[{"embeddable":true,"href":"https:\/\/agrotecnica-international.it\/de\/wp-json\/wp\/v2\/comments?post=2942"}],"version-history":[{"count":2,"href":"https:\/\/agrotecnica-international.it\/de\/wp-json\/wp\/v2\/pages\/2942\/revisions"}],"predecessor-version":[{"id":2944,"href":"https:\/\/agrotecnica-international.it\/de\/wp-json\/wp\/v2\/pages\/2942\/revisions\/2944"}],"wp:attachment":[{"href":"https:\/\/agrotecnica-international.it\/de\/wp-json\/wp\/v2\/media?parent=2942"}],"curies":[{"name":"wp","href":"https:\/\/api.w.org\/{rel}","templated":true}]}}